{"id":3388,"date":"2023-07-24T14:13:12","date_gmt":"2023-07-24T12:13:12","guid":{"rendered":"http:\/\/restaurant-brut.fr\/?page_id=3388"},"modified":"2025-06-09T19:29:46","modified_gmt":"2025-06-09T17:29:46","slug":"gesetzliche-hinweise","status":"publish","type":"page","link":"https:\/\/restaurant-brut.fr\/de\/gesetzliche-hinweise\/","title":{"rendered":"Rechtliche Hinweise"},"content":{"rendered":"<div data-elementor-type=\"wp-page\" data-elementor-id=\"3388\" class=\"elementor elementor-3388\" data-elementor-post-type=\"page\">\n\t\t\t\t<div class=\"elementor-element elementor-element-41aa4f27 e-flex e-con-boxed e-con e-parent\" data-id=\"41aa4f27\" data-element_type=\"container\" data-e-type=\"container\">\n\t\t\t\t\t<div class=\"e-con-inner\">\n\t\t\t\t<div class=\"elementor-element elementor-element-ea83f61 elementor-widget elementor-widget-heading\" data-id=\"ea83f61\" data-element_type=\"widget\" data-e-type=\"widget\" data-widget_type=\"heading.default\">\n\t\t\t\t<div class=\"elementor-widget-container\">\n\t\t\t\t\t<h2 class=\"elementor-heading-title elementor-size-default\">Rechtliche Hinweise<\/h2>\t\t\t\t<\/div>\n\t\t\t\t<\/div>\n\t\t\t\t<div class=\"elementor-element elementor-element-7c7f51f6 elementor-widget elementor-widget-text-editor\" data-id=\"7c7f51f6\" data-element_type=\"widget\" data-e-type=\"widget\" data-widget_type=\"text-editor.default\">\n\t\t\t\t<div class=\"elementor-widget-container\">\n\t\t\t\t\t\t\t\t\t<p><span style=\"font-family: -apple-system, BlinkMacSystemFont, 'Segoe UI', Roboto, 'Helvetica Neue', Arial, 'Noto Sans', sans-serif, 'Apple Color Emoji', 'Segoe UI Emoji', 'Segoe UI Symbol', 'Noto Color Emoji';\">Die Website Restaurant Brut ist Eigentum von RESTAURANT BRUT.<\/span><\/p><div class=\"p-rich_text_section\"><p>Wir haben diese Datenschutzrichtlinie verabschiedet, die festlegt, wie wir mit den von restaurant brut gesammelten Informationen umgehen, und die auch die Gr\u00fcnde liefert, warum wir bestimmte pers\u00f6nliche Daten \u00fcber Sie sammeln m\u00fcssen. Daher sollten Sie diese Datenschutzrichtlinie lesen, bevor Sie die Website von restaurant brut nutzen.<br \/>Wir k\u00fcmmern uns um Ihre pers\u00f6nlichen Daten und verpflichten uns, sie vertraulich und sicher zu behandeln.<\/p><p><b data-stringify-type=\"bold\">Die pers\u00f6nlichen Informationen, die wir sammeln :<\/b><\/p><\/div><div class=\"p-rich_text_section\"><p>Wenn Sie die Bruttorestaurant-Website besuchen, sammeln wir automatisch bestimmte Informationen \u00fcber Ihr Ger\u00e4t, einschlie\u00dflich Informationen \u00fcber Ihren Webbrowser, Ihre IP-Adresse, Ihre Zeitzone und einige der Cookies, die auf Ihrem Ger\u00e4t installiert sind. Dar\u00fcber hinaus sammeln wir, wenn Sie auf der Seite navigieren, Informationen \u00fcber die Webseiten oder einzelnen Produkte, die Sie besuchen, \u00fcber die Webseiten oder Suchbegriffe, die Sie auf die Seite verwiesen haben, und dar\u00fcber, wie Sie mit der Seite interagieren. Wir bezeichnen diese automatisch gesammelten Informationen als \"Ger\u00e4teinformationen\". Dar\u00fcber hinaus k\u00f6nnen wir die pers\u00f6nlichen Daten, die Sie uns bei der Registrierung zur Verf\u00fcgung stellen (einschlie\u00dflich, aber nicht beschr\u00e4nkt auf Vorname, Nachname, E-Mail-Adresse usw.), sammeln, um den Vertrag erf\u00fcllen zu k\u00f6nnen.<\/p><p><b data-stringify-type=\"bold\">Warum verarbeiten wir Ihre Daten?<\/b><\/p><\/div><div class=\"p-rich_text_section\"><p>Die Sicherheit der Kundendaten ist unsere oberste Priorit\u00e4t, und aus diesem Grund k\u00f6nnen wir nur minimale Daten \u00fcber die Nutzer verarbeiten, und zwar nur in dem Ma\u00dfe, wie es f\u00fcr die Aufrechterhaltung der Website absolut notwendig ist. Automatisch gesammelte Informationen werden nur verwendet, um potenzielle F\u00e4lle von Missbrauch zu identifizieren und statistische Informationen \u00fcber die Nutzung der Website zu erstellen. Diese statistischen Informationen werden nicht anderweitig aggregiert, um einen bestimmten Nutzer des Systems zu identifizieren.<br \/>Sie k\u00f6nnen die Website besuchen, ohne uns mitzuteilen, wer Sie sind, oder Informationen preiszugeben, durch die jemand Sie als eine bestimmte und identifizierbare Person identifizieren k\u00f6nnte. Wenn Sie jedoch bestimmte Funktionen der Website nutzen m\u00f6chten, oder wenn Sie unseren Newsletter erhalten oder andere Details durch Ausf\u00fcllen eines Formulars angeben m\u00f6chten, k\u00f6nnen Sie uns pers\u00f6nliche Daten wie Ihre E-Mail-Adresse, Ihren Vornamen, Ihren Nachnamen, Ihren Wohnort, Ihre Organisation und Ihre Telefonnummer zur Verf\u00fcgung stellen. Sie k\u00f6nnen sich daf\u00fcr entscheiden, uns Ihre pers\u00f6nlichen Daten nicht zur Verf\u00fcgung zu stellen, aber es kann sein, dass Sie dann bestimmte Funktionen der Website nicht nutzen k\u00f6nnen. Zum Beispiel k\u00f6nnen Sie unseren Newsletter nicht erhalten oder uns direkt von der Website aus kontaktieren. Nutzer, die sich nicht sicher sind, welche Informationen erforderlich sind, k\u00f6nnen uns kontaktieren \u00fcber <strong>contact@restaurant-brut.fr<\/strong><\/p><p><b data-stringify-type=\"bold\">Ihre Rechte :<\/b><\/p><\/div><div class=\"p-rich_text_section\">Wenn Sie ein Einwohner der EU sind, haben Sie die folgenden Rechte in Bezug auf Ihre pers\u00f6nlichen Daten:<\/div><ul class=\"p-rich_text_list p-rich_text_list__bullet\" data-stringify-type=\"unordered-list\" data-indent=\"0\" data-border=\"0\"><li data-stringify-indent=\"0\" data-stringify-border=\"0\">Das Recht, informiert zu werden.<\/li><li data-stringify-indent=\"0\" data-stringify-border=\"0\">Das Recht auf Zugang.<\/li><li data-stringify-indent=\"0\" data-stringify-border=\"0\">Das Recht auf Berichtigung.<\/li><li data-stringify-indent=\"0\" data-stringify-border=\"0\">Das Recht auf L\u00f6schung.<\/li><li data-stringify-indent=\"0\" data-stringify-border=\"0\">Das Recht, die Verarbeitung zu beschr\u00e4nken.<\/li><li data-stringify-indent=\"0\" data-stringify-border=\"0\">Das Recht auf Daten\u00fcbertragbarkeit.<\/li><li data-stringify-indent=\"0\" data-stringify-border=\"0\">Das Recht auf Einspruch.<\/li><li data-stringify-indent=\"0\" data-stringify-border=\"0\">Rechte in Bezug auf automatisierte Entscheidungsfindung und Profiling.<\/li><\/ul><div class=\"p-rich_text_section\"><p>Wenn Sie von diesem Recht Gebrauch machen m\u00f6chten, kontaktieren Sie uns bitte \u00fcber die nachstehenden Kontaktdaten.<\/p><p><b data-stringify-type=\"bold\">Links zu anderen Webseiten :<\/b><\/p><\/div><div class=\"p-rich_text_section\"><p>Unsere Website kann Links zu anderen Websites enthalten, die sich nicht in unserem Besitz befinden oder von uns kontrolliert werden. Bitte beachten Sie, dass wir nicht f\u00fcr diese anderen Websites oder die Datenschutzpraktiken von Dritten verantwortlich sind. Wir empfehlen Ihnen, beim Verlassen unserer Website aufmerksam zu sein und die Datenschutzerkl\u00e4rungen jeder Website zu lesen, die m\u00f6glicherweise pers\u00f6nliche Daten sammelt.<\/p><\/div><div class=\"p-rich_text_section\"><p><b data-stringify-type=\"bold\"><br \/>Gesetzliche Offenlegung :<\/b><\/p><\/div><div class=\"p-rich_text_section\"><p>Wir werden alle Informationen, die wir sammeln, verwenden oder erhalten, offenlegen, wenn dies gesetzlich vorgeschrieben oder erlaubt ist, z.B. um einer Vorladung oder einem \u00e4hnlichen Gerichtsverfahren nachzukommen, und wenn wir in gutem Glauben davon ausgehen, dass die Offenlegung notwendig ist, um unsere Rechte, Ihre Sicherheit oder die Sicherheit anderer zu sch\u00fctzen, einen Betrug zu untersuchen oder auf eine Regierungsanfrage zu reagieren.<\/p><p><b data-stringify-type=\"bold\">Kontaktinformationen :<\/b><\/p><\/div><div class=\"p-rich_text_section\">Wenn Sie sich mit uns in Verbindung setzen m\u00f6chten, um mehr \u00fcber diese Richtlinie zu erfahren, oder wenn Sie sich mit uns in Bezug auf Fragen zu Ihren pers\u00f6nlichen Rechten und Ihren pers\u00f6nlichen Daten in Verbindung setzen m\u00f6chten, k\u00f6nnen Sie eine E-Mail senden an <strong>contact@restaurant-brut.fr<\/strong><\/div>\t\t\t\t\t\t\t\t<\/div>\n\t\t\t\t<\/div>\n\t\t\t\t\t<\/div>\n\t\t\t\t<\/div>\n\t\t\t\t<\/div>","protected":false},"excerpt":{"rendered":"<p>Die Website von restaurant brut ist Eigentum von RESTAURANT BRUT. Wir haben diese Datenschutzrichtlinie verabschiedet, die festlegt, wie wir mit den von restaurant brut gesammelten Informationen umgehen, die auch die Gr\u00fcnde liefert, warum wir bestimmte pers\u00f6nliche Daten \u00fcber Sie sammeln m\u00fcssen. Daher sollten Sie diese Datenschutzrichtlinie lesen, bevor Sie mit der Arbeit beginnen.<\/p>","protected":false},"author":1,"featured_media":0,"parent":0,"menu_order":0,"comment_status":"closed","ping_status":"closed","template":"","meta":{"_acf_changed":false,"inline_featured_image":false,"footnotes":""},"class_list":["post-3388","page","type-page","status-publish","hentry"],"acf":[],"_links":{"self":[{"href":"https:\/\/restaurant-brut.fr\/de\/wp-json\/wp\/v2\/pages\/3388","targetHints":{"allow":["GET"]}}],"collection":[{"href":"https:\/\/restaurant-brut.fr\/de\/wp-json\/wp\/v2\/pages"}],"about":[{"href":"https:\/\/restaurant-brut.fr\/de\/wp-json\/wp\/v2\/types\/page"}],"author":[{"embeddable":true,"href":"https:\/\/restaurant-brut.fr\/de\/wp-json\/wp\/v2\/users\/1"}],"replies":[{"embeddable":true,"href":"https:\/\/restaurant-brut.fr\/de\/wp-json\/wp\/v2\/comments?post=3388"}],"version-history":[{"count":22,"href":"https:\/\/restaurant-brut.fr\/de\/wp-json\/wp\/v2\/pages\/3388\/revisions"}],"predecessor-version":[{"id":5952,"href":"https:\/\/restaurant-brut.fr\/de\/wp-json\/wp\/v2\/pages\/3388\/revisions\/5952"}],"wp:attachment":[{"href":"https:\/\/restaurant-brut.fr\/de\/wp-json\/wp\/v2\/media?parent=3388"}],"curies":[{"name":"wp","href":"https:\/\/api.w.org\/{rel}","templated":true}]}}