{"id":5449,"date":"2025-05-30T11:05:39","date_gmt":"2025-05-30T09:05:39","guid":{"rendered":"https:\/\/restaurant-brut.fr\/?page_id=5449"},"modified":"2025-06-18T18:44:48","modified_gmt":"2025-06-18T16:44:48","slug":"verpflichtungen","status":"publish","type":"page","link":"https:\/\/restaurant-brut.fr\/de\/verpflichtungen\/","title":{"rendered":"Unsere Verpflichtungen"},"content":{"rendered":"<div data-elementor-type=\"wp-page\" data-elementor-id=\"5449\" class=\"elementor elementor-5449\" data-elementor-post-type=\"page\">\n\t\t\t\t<div class=\"elementor-element elementor-element-76dabde animated-slow e-con-full e-flex elementor-invisible e-con e-parent\" data-id=\"76dabde\" data-element_type=\"container\" data-e-type=\"container\" data-settings=\"{&quot;background_background&quot;:&quot;classic&quot;,&quot;animation&quot;:&quot;fadeIn&quot;,&quot;animation_delay&quot;:800}\">\n\t\t<a class=\"elementor-element elementor-element-83f7531 e-con-full e-flex e-con e-child\" data-id=\"83f7531\" data-element_type=\"container\" data-e-type=\"container\" href=\"#scroll-to\">\n\t\t\t\t<div class=\"elementor-element elementor-element-b4f9c9e elementor-view-default elementor-widget elementor-widget-icon\" data-id=\"b4f9c9e\" data-element_type=\"widget\" data-e-type=\"widget\" data-widget_type=\"icon.default\">\n\t\t\t\t<div class=\"elementor-widget-container\">\n\t\t\t\t\t\t\t<div class=\"elementor-icon-wrapper\">\n\t\t\t<div class=\"elementor-icon\">\n\t\t\t<svg xmlns=\"http:\/\/www.w3.org\/2000\/svg\" id=\"Calque_2\" viewbox=\"0 0 26.12 13.39\"><defs><style>.class-1{fill:#fff;}<\/style><\/defs><g id=\"Calque_1-2\"><polygon class=\"class-1\" points=\"13.06 13.39 26.12 0 21.58 0 13.08 8.51 4.58 0 0 0 13.06 13.39\"><\/polygon><\/g><\/svg>\t\t\t<\/div>\n\t\t<\/div>\n\t\t\t\t\t\t<\/div>\n\t\t\t\t<\/div>\n\t\t\t\t<\/a>\n\t\t\t\t<\/div>\n\t\t<div class=\"elementor-element elementor-element-9bf4c3a e-flex e-con-boxed e-con e-parent\" data-id=\"9bf4c3a\" data-element_type=\"container\" data-e-type=\"container\" id=\"scroll-to\">\n\t\t\t\t\t<div class=\"e-con-inner\">\n\t\t\t\t<div class=\"elementor-element elementor-element-b38da30 elementor-widget elementor-widget-heading\" data-id=\"b38da30\" data-element_type=\"widget\" data-e-type=\"widget\" data-widget_type=\"heading.default\">\n\t\t\t\t<div class=\"elementor-widget-container\">\n\t\t\t\t\t<h1 class=\"elementor-heading-title elementor-size-default\">UNSERE <span>ENGAGEMENTS<\/span><\/h1>\t\t\t\t<\/div>\n\t\t\t\t<\/div>\n\t\t\t\t<div class=\"elementor-element elementor-element-30e037c elementor-widget__width-initial elementor-widget-mobile__width-inherit elementor-widget elementor-widget-text-editor\" data-id=\"30e037c\" data-element_type=\"widget\" data-e-type=\"widget\" data-widget_type=\"text-editor.default\">\n\t\t\t\t<div class=\"elementor-widget-container\">\n\t\t\t\t\t\t\t\t\t<p class=\"p1\">Von Anfang an stand der Mensch im Mittelpunkt unseres Projekts, weshalb das Restaurant BRUT das Wohlbefinden seiner Mitarbeiter am Arbeitsplatz f\u00f6rdern m\u00f6chte, indem es versucht, sie innerhalb des Unternehmens weiterzuentwickeln.<\/p><p class=\"p1\">Wir m\u00f6chten unsere Talente in einer ergonomischen und entspannten Umgebung weiterentwickeln.<\/p>\t\t\t\t\t\t\t\t<\/div>\n\t\t\t\t<\/div>\n\t\t\t\t<div class=\"elementor-element elementor-element-173311c elementor-widget elementor-widget-image\" data-id=\"173311c\" data-element_type=\"widget\" data-e-type=\"widget\" data-widget_type=\"image.default\">\n\t\t\t\t<div class=\"elementor-widget-container\">\n\t\t\t\t\t\t\t\t\t\t\t\t\t\t\t<img fetchpriority=\"high\" decoding=\"async\" width=\"1500\" height=\"844\" src=\"https:\/\/restaurant-brut.fr\/wp-content\/uploads\/2025\/05\/05.jpg\" class=\"attachment-full size-full wp-image-5458\" alt=\"\" srcset=\"https:\/\/restaurant-brut.fr\/wp-content\/uploads\/2025\/05\/05.jpg 1500w, https:\/\/restaurant-brut.fr\/wp-content\/uploads\/2025\/05\/05-300x169.jpg 300w, https:\/\/restaurant-brut.fr\/wp-content\/uploads\/2025\/05\/05-1024x576.jpg 1024w, https:\/\/restaurant-brut.fr\/wp-content\/uploads\/2025\/05\/05-768x432.jpg 768w\" sizes=\"(max-width: 1500px) 100vw, 1500px\" \/>\t\t\t\t\t\t\t\t\t\t\t\t\t\t\t<\/div>\n\t\t\t\t<\/div>\n\t\t\t\t\t<\/div>\n\t\t\t\t<\/div>\n\t\t<div class=\"elementor-element elementor-element-c02f52a e-flex e-con-boxed e-con e-child\" data-id=\"c02f52a\" data-element_type=\"container\" data-e-type=\"container\">\n\t\t\t\t\t<div class=\"e-con-inner\">\n\t\t\t\t<div class=\"elementor-element elementor-element-b8d0c7b elementor-widget elementor-widget-heading\" data-id=\"b8d0c7b\" data-element_type=\"widget\" data-e-type=\"widget\" data-widget_type=\"heading.default\">\n\t\t\t\t<div class=\"elementor-widget-container\">\n\t\t\t\t\t<h2 class=\"elementor-heading-title elementor-size-default\">UNSERE PARTNER<\/h2>\t\t\t\t<\/div>\n\t\t\t\t<\/div>\n\t\t\t\t<div class=\"elementor-element elementor-element-b4bfb99 elementor-widget elementor-widget-text-editor\" data-id=\"b4bfb99\" data-element_type=\"widget\" data-e-type=\"widget\" data-widget_type=\"text-editor.default\">\n\t\t\t\t<div class=\"elementor-widget-container\">\n\t\t\t\t\t\t\t\t\t<p class=\"p1\">Bei BRUT achten wir besonders auf die Auswahl unserer Produzenten.<b>\u00a0<\/b>die die gleichen Werte wie wir teilen und mit denen wir eng zusammenarbeiten.<i>\u00a0<\/i>Zusammenarbeit.<\/p><p class=\"p1\">Weil wir glauben, dass es politisch ist, sich zu ern\u00e4hren, achten wir darauf, unseren Erzeugern eine angemessene Verg\u00fctung zu bieten und die l\u00e4ndlichen Gebiete am Leben zu erhalten.<\/p><p class=\"p1\">Um den CO2-Fu\u00dfabdruck zu verringern und gleichzeitig den Kontakt zum Erzeuger zu gew\u00e4hrleisten, haben wir uns f\u00fcr eine Logistikplattform entschieden, die die Bestellungen mit anderen Partnerrestaurants teilt. Auf diese Weise vermeiden wir Leerfahrten bei Lieferungen.<\/p>\t\t\t\t\t\t\t\t<\/div>\n\t\t\t\t<\/div>\n\t\t\t\t\t<\/div>\n\t\t\t\t<\/div>\n\t\t<div class=\"elementor-element elementor-element-5634d00 e-flex e-con-boxed e-con e-child\" data-id=\"5634d00\" data-element_type=\"container\" data-e-type=\"container\">\n\t\t\t\t\t<div class=\"e-con-inner\">\n\t\t\t\t<div class=\"elementor-element elementor-element-53588d7 elementor-widget elementor-widget-heading\" data-id=\"53588d7\" data-element_type=\"widget\" data-e-type=\"widget\" data-widget_type=\"heading.default\">\n\t\t\t\t<div class=\"elementor-widget-container\">\n\t\t\t\t\t<h2 class=\"elementor-heading-title elementor-size-default\">UMWELT UND <span>WELLNESS<\/span> ANIMAL<\/h2>\t\t\t\t<\/div>\n\t\t\t\t<\/div>\n\t\t\t\t<div class=\"elementor-element elementor-element-c5a4b58 elementor-widget elementor-widget-text-editor\" data-id=\"c5a4b58\" data-element_type=\"widget\" data-e-type=\"widget\" data-widget_type=\"text-editor.default\">\n\t\t\t\t<div class=\"elementor-widget-container\">\n\t\t\t\t\t\t\t\t\t<p class=\"p1\">Um unseren CO2-Fu\u00dfabdruck zu verringern, w\u00e4hlt BRUT alle seine Produkte sorgf\u00e4ltig aus und bevorzugt eine wassersparende, lokale und nachhaltige Landwirtschaft. Diese Aufmerksamkeit erstreckt sich auf alle unsere Produkte.<\/p><p class=\"p1\">BRUT ist bestrebt, althergebrachte Rassen und Methoden zu erhalten. Wir w\u00e4hlen beispielsweise eine normannische Creme aus, die aus Milch von Jersey-K\u00fchen hergestellt wird. Dies gilt f\u00fcr die meisten unserer Produkte.<\/p><p class=\"p1\">Unser Restaurant ist auch dem Tierschutz verpflichtet. Aus diesem Grund arbeiten wir mit Tieren aus Freilandhaltung und bevorzugen Fisch, der mit der Angel gefangen wird, da dies nachhaltiger ist und die Ozeane weniger sch\u00e4digt. Wir verwenden Eier mit dem G\u00fctesiegel \"Freiland\".<\/p><p class=\"p1\">Ebenso ist unser Restaurant ein Vorreiter, indem es die Sammlung von Lebensmittelabf\u00e4llen organisiert, die in Energie umgewandelt werden.<\/p>\t\t\t\t\t\t\t\t<\/div>\n\t\t\t\t<\/div>\n\t\t\t\t\t<\/div>\n\t\t\t\t<\/div>\n\t\t<div class=\"elementor-element elementor-element-c6a034f e-flex e-con-boxed e-con e-parent\" data-id=\"c6a034f\" data-element_type=\"container\" data-e-type=\"container\">\n\t\t\t\t\t<div class=\"e-con-inner\">\n\t\t\t\t<div class=\"elementor-element elementor-element-37c86f5 elementor-mobile-align-justify elementor-widget elementor-widget-button\" data-id=\"37c86f5\" data-element_type=\"widget\" data-e-type=\"widget\" data-widget_type=\"button.default\">\n\t\t\t\t<div class=\"elementor-widget-container\">\n\t\t\t\t\t\t\t\t\t<div class=\"elementor-button-wrapper\">\n\t\t\t\t\t<a class=\"elementor-button elementor-button-link elementor-size-sm\" href=\"https:\/\/bookings.zenchef.com\/results?rid=351809&#038;pid=1001\" target=\"_blank\" rel=\"nofollow noopener\">\n\t\t\t\t\t\t<span class=\"elementor-button-content-wrapper\">\n\t\t\t\t\t\t\t\t\t<span class=\"elementor-button-text\">Buchen Sie einen einzigartigen Moment bei BRUT<\/span>\n\t\t\t\t\t<\/span>\n\t\t\t\t\t<\/a>\n\t\t\t\t<\/div>\n\t\t\t\t\t\t\t\t<\/div>\n\t\t\t\t<\/div>\n\t\t\t\t\t<\/div>\n\t\t\t\t<\/div>\n\t\t<div class=\"elementor-element elementor-element-fa19e4d e-con-full e-flex e-con e-parent\" data-id=\"fa19e4d\" data-element_type=\"container\" data-e-type=\"container\">\n\t\t\t\t<div class=\"elementor-element elementor-element-ecb1f14 elementor-widget elementor-widget-image\" data-id=\"ecb1f14\" data-element_type=\"widget\" data-e-type=\"widget\" data-widget_type=\"image.default\">\n\t\t\t\t<div class=\"elementor-widget-container\">\n\t\t\t\t\t\t\t\t\t\t\t\t\t\t\t<img decoding=\"async\" width=\"2892\" height=\"93\" src=\"https:\/\/restaurant-brut.fr\/wp-content\/uploads\/2025\/04\/Manger-Boire-Partager.svg\" class=\"attachment-full size-full wp-image-4128\" alt=\"\" \/>\t\t\t\t\t\t\t\t\t\t\t\t\t\t\t<\/div>\n\t\t\t\t<\/div>\n\t\t\t\t<\/div>\n\t\t\t\t<\/div>","protected":false},"excerpt":{"rendered":"<p>Von Anfang an stand der Mensch im Mittelpunkt unseres Projekts. Deshalb ist das Restaurant BRUT bestrebt, das Wohlbefinden seiner Mitarbeiter am Arbeitsplatz zu f\u00f6rdern und sie innerhalb des Unternehmens weiterzuentwickeln. Wir sind bestrebt, unsere Talente in einer ergonomischen Zen-Umgebung weiterzuentwickeln. UNSERE PARTNER Bei [...].<\/p>","protected":false},"author":11,"featured_media":0,"parent":0,"menu_order":0,"comment_status":"closed","ping_status":"closed","template":"elementor_header_footer","meta":{"_acf_changed":false,"inline_featured_image":false,"footnotes":""},"class_list":["post-5449","page","type-page","status-publish","hentry"],"acf":[],"_links":{"self":[{"href":"https:\/\/restaurant-brut.fr\/de\/wp-json\/wp\/v2\/pages\/5449","targetHints":{"allow":["GET"]}}],"collection":[{"href":"https:\/\/restaurant-brut.fr\/de\/wp-json\/wp\/v2\/pages"}],"about":[{"href":"https:\/\/restaurant-brut.fr\/de\/wp-json\/wp\/v2\/types\/page"}],"author":[{"embeddable":true,"href":"https:\/\/restaurant-brut.fr\/de\/wp-json\/wp\/v2\/users\/11"}],"replies":[{"embeddable":true,"href":"https:\/\/restaurant-brut.fr\/de\/wp-json\/wp\/v2\/comments?post=5449"}],"version-history":[{"count":83,"href":"https:\/\/restaurant-brut.fr\/de\/wp-json\/wp\/v2\/pages\/5449\/revisions"}],"predecessor-version":[{"id":6247,"href":"https:\/\/restaurant-brut.fr\/de\/wp-json\/wp\/v2\/pages\/5449\/revisions\/6247"}],"wp:attachment":[{"href":"https:\/\/restaurant-brut.fr\/de\/wp-json\/wp\/v2\/media?parent=5449"}],"curies":[{"name":"wp","href":"https:\/\/api.w.org\/{rel}","templated":true}]}}